{"id":26358,"date":"2026-05-10T09:11:37","date_gmt":"2026-05-10T00:11:37","guid":{"rendered":"https:\/\/sskssk.com\/product\/%e3%82%a2%e3%82%ba%e3%83%af%e3%83%b3-%e3%83%89%e3%82%a5%e3%83%9e%e3%83%bc%e3%83%ab-%e3%83%95%e3%83%ac%e3%82%ad%e3%82%b7%e3%83%91%e3%83%b3-1340-%e3%83%8f%e3%83%bc%e3%83%88-20%e5%8f%96-6959400-61-6687-8\/"},"modified":"2026-05-10T18:51:29","modified_gmt":"2026-05-10T09:51:29","slug":"4548170125940","status":"publish","type":"product","link":"https:\/\/sskssk.com\/product\/4548170125940\/","title":{"rendered":"\u30a2\u30ba\u30ef\u30f3 \u30c9\u30a5\u30de\u30fc\u30eb \u30d5\u30ec\u30ad\u30b7\u30d1\u30f3 1340 \u30cf\u30fc\u30c8 20\u53d6 6959400 61-6687-83 1\u70b9"},"content":{"rendered":"<p>\u30d5\u30e9\u30f3\u30b9\u306e\u30d7\u30ed\u304c\u8a8d\u3081\u305f\u30a2\u30ba\u30ef\u30f3 \u30c9\u30a5\u30de\u30fc\u30eb \u30d5\u30ec\u30ad\u30b7\u30d1\u30f3 1340 \u30cf\u30fc\u30c8\u306f\u3001\u304a\u83d3\u5b50\u4f5c\u308a\u306b\u3074\u3063\u305f\u308a\u306e\u30d5\u30ec\u30ad\u30b7\u30d6\u30eb\u306a\u578b\u3067\u3059\u3002\u30b7\u30ea\u30b3\u30f3\u3068\u30b0\u30e9\u30b9\u30d5\u30a1\u30a4\u30d0\u30fc\u3092\u4f7f\u7528\u3057\u3001\u7126\u3052\u4ed8\u304d\u306b\u304f\u3044\u7279\u6027\u3092\u6301\u3064\u305f\u3081\u3001\u6cb9\u3092\u3072\u304f\u624b\u9593\u304c\u7701\u3051\u3001\u7c21\u5358\u306b\u53d6\u308a\u51fa\u305b\u307e\u3059\u3002\u30aa\u30fc\u30d6\u30f3\u304b\u3089\u51b7\u51cd\u5eab\u307e\u3067\u5e45\u5e83\u3044\u6e29\u5ea6\u306b\u5bfe\u5fdc\u3057\u3001-40\u2103\u304b\u3089+250\u2103\u307e\u3067\u4f7f\u7528\u53ef\u80fd\u3002\u8010\u4e45\u6027\u3082\u9ad8\u304f\u30012500\u56de\u4ee5\u4e0a\u306e\u713c\u6210\u306b\u8010\u3048\u3001\u885b\u751f\u7684\u306b\u304a\u624b\u5165\u308c\u3067\u304d\u308b\u306e\u304c\u9b45\u529b\u3067\u3059\u3002 <\/p>\n<p>\u3010\u304a\u3059\u3059\u3081\u30dd\u30a4\u30f3\u30c8\u3011<br \/>\n\u30fb\u30d5\u30ec\u30ad\u30b7\u30d6\u30eb\u306a\u7d20\u6750\u306b\u3088\u308a\u3001\u713c\u304d\u3042\u304c\u3063\u305f\u304a\u83d3\u5b50\u306f\u7c21\u5358\u306b\u5916\u305b\u307e\u3059\u3002<br \/>\n\u30fb\u624b\u9593\u3044\u3089\u305a\u306e\u304a\u624b\u5165\u308c\u3067\u3001\u98df\u5668\u6d17\u3044\u306e\u3088\u3046\u306b\u6d17\u3046\u3060\u3051\u3067OK\u3002<br \/>\n\u30fb\u591a\u69d8\u306a\u30e9\u30a4\u30f3\u30ca\u30c3\u30d7\u3067\u3001\u5bb6\u5ead\u7528\u304b\u3089\u696d\u52d9\u7528\u307e\u3067\u5e45\u5e83\u304f\u6d3b\u8e8d\u3057\u307e\u3059\u3002<\/p>\n<p>\u3010\u3053\u3093\u306a\u65b9\u306b\u304a\u3059\u3059\u3081\u3011<br \/>\n\u30fb\u304a\u83d3\u5b50\u4f5c\u308a\u3092\u697d\u3057\u3080\u65b9\u3001\u7279\u306b\u5bb6\u5ead\u3067\u306e\u4f7f\u7528\u3092\u8003\u3048\u3066\u3044\u308b\u65b9\u306b\u6700\u9069\u3067\u3059\u3002<br \/>\n\u30fb\u696d\u52d9\u7528\u3068\u3057\u3066\u3001\u98f2\u98df\u5e97\u3084\u30d1\u30c6\u30a3\u30b9\u30ea\u30fc\u3067\u3082\u4f7f\u3048\u308b\u8010\u4e45\u6027\u3068\u6027\u80fd\u3092\u6c42\u3081\u308b\u65b9\u306b\u3002<\/p>\n<p>\u3010\u6ce8\u610f\u4e8b\u9805\u3011<br \/>\n\u30fb\u6d17\u6d44\u6a5f\u306b\u3082\u5bfe\u5fdc\u3057\u3066\u3044\u308b\u306e\u3067\u3001\u624b\u9593\u306a\u304f\u6e05\u6f54\u306b\u4fdd\u3066\u307e\u3059\u304c\u3001\u4f7f\u7528\u5f8c\u306f\u3057\u3063\u304b\u308a\u3068\u4e7e\u71e5\u3055\u305b\u3066\u304f\u3060\u3055\u3044\u3002<br \/>\n\u30fb\u30b5\u30a4\u30ba\u306f66\u00d762(57\u00d753)\u00d7H35\u3067\u300120\u30b1\u53d6\u306e\u914d\u5217\u3067\u3059\u3002\u7528\u9014\u306b\u5fdc\u3058\u3066\u304a\u9078\u3073\u304f\u3060\u3055\u3044\u3002<\/p>\n","protected":false},"excerpt":{"rendered":"<p>\u304a\u83d3\u5b50\u4f5c\u308a\u306b\u6700\u9069\u306a\u30d5\u30ec\u30ad\u30b7\u30d1\u30f3\u578b<\/p>\n","protected":false},"featured_media":26357,"comment_status":"open","ping_status":"closed","template":"","meta":[],"product_brand":[],"product_cat":[5182],"product_tag":[1063,1062,8212,1007,1608],"class_list":{"0":"post-26358","1":"product","2":"type-product","3":"status-publish","4":"has-post-thumbnail","6":"product_cat-5182","7":"product_tag-1063","8":"product_tag-1062","9":"product_tag-8212","10":"product_tag-1007","11":"product_tag-1608","13":"first","14":"instock","15":"shipping-taxable","16":"product-type-external"},"yoast_head":"<!-- This site is optimized with the Yoast SEO plugin v27.5 - https:\/\/yoast.com\/product\/yoast-seo-wordpress\/ -->\n<title>\u30a2\u30ba\u30ef\u30f3 \u30c9\u30a5\u30de\u30fc\u30eb \u30d5\u30ec\u30ad\u30b7\u30d1\u30f3 1340 \u30cf\u30fc\u30c8 20\u53d6 6959400 61-6687-83 1\u70b9 - \uff33\uff33\uff2b\u30ad\u30c3\u30c1\u30f3\u30a6\u30a7\u30a2\u3000\u6599\u7406\u9053\u5177\u30fb\u53a8\u623f\u7528\u54c1\u30fb\u53a8\u623f\u6a5f\u5668<\/title>\n<meta name=\"description\" content=\"\u30a2\u30ba\u30ef\u30f3\u306e\u30c9\u30a5\u30de\u30fc\u30eb\u30d5\u30ec\u30ad\u30b7\u30d1\u30f31340\u30cf\u30fc\u30c8\u578b\u306f\u300120\u53d6\u30b5\u30a4\u30ba\u3067\u304a\u83d3\u5b50\u4f5c\u308a\u306b\u6700\u9069\u3002\u8010\u4e45\u6027\u3068\u4f7f\u3044\u3084\u3059\u3055\u3092\u517c\u306d\u5099\u3048\u3066\u3044\u307e\u3059\u3002\" \/>\n<meta name=\"robots\" content=\"index, follow, max-snippet:-1, max-image-preview:large, max-video-preview:-1\" \/>\n<link rel=\"canonical\" href=\"https:\/\/sskssk.com\/product\/4548170125940\/\" \/>\n<meta property=\"og:locale\" content=\"ja_JP\" \/>\n<meta property=\"og:type\" content=\"article\" \/>\n<meta property=\"og:title\" content=\"\u30a2\u30ba\u30ef\u30f3 \u30c9\u30a5\u30de\u30fc\u30eb \u30d5\u30ec\u30ad\u30b7\u30d1\u30f3 1340 \u30cf\u30fc\u30c8 20\u53d6 6959400 61-6687-83 1\u70b9 - \uff33\uff33\uff2b\u30ad\u30c3\u30c1\u30f3\u30a6\u30a7\u30a2\u3000\u6599\u7406\u9053\u5177\u30fb\u53a8\u623f\u7528\u54c1\u30fb\u53a8\u623f\u6a5f\u5668\" \/>\n<meta property=\"og:description\" content=\"\u30a2\u30ba\u30ef\u30f3\u306e\u30c9\u30a5\u30de\u30fc\u30eb\u30d5\u30ec\u30ad\u30b7\u30d1\u30f31340\u30cf\u30fc\u30c8\u578b\u306f\u300120\u53d6\u30b5\u30a4\u30ba\u3067\u304a\u83d3\u5b50\u4f5c\u308a\u306b\u6700\u9069\u3002\u8010\u4e45\u6027\u3068\u4f7f\u3044\u3084\u3059\u3055\u3092\u517c\u306d\u5099\u3048\u3066\u3044\u307e\u3059\u3002\" \/>\n<meta property=\"og:url\" content=\"https:\/\/sskssk.com\/product\/4548170125940\/\" \/>\n<meta property=\"og:site_name\" content=\"\uff33\uff33\uff2b\u30ad\u30c3\u30c1\u30f3\u30a6\u30a7\u30a2\u3000\u6599\u7406\u9053\u5177\u30fb\u53a8\u623f\u7528\u54c1\u30fb\u53a8\u623f\u6a5f\u5668\" \/>\n<meta property=\"article:modified_time\" content=\"2026-05-10T09:51:29+00:00\" \/>\n<meta property=\"og:image\" content=\"https:\/\/sskssk.com\/wp-content\/uploads\/2026\/05\/a28-94437.jpg\" \/>\n\t<meta property=\"og:image:width\" content=\"598\" \/>\n\t<meta property=\"og:image:height\" content=\"598\" \/>\n\t<meta property=\"og:image:type\" content=\"image\/jpeg\" \/>\n<meta name=\"twitter:card\" content=\"summary_large_image\" \/>\n<script type=\"application\/ld+json\" class=\"yoast-schema-graph\">{\"@context\":\"https:\\\/\\\/schema.org\",\"@graph\":[{\"@type\":\"WebPage\",\"@id\":\"https:\\\/\\\/sskssk.com\\\/product\\\/4548170125940\\\/\",\"url\":\"https:\\\/\\\/sskssk.com\\\/product\\\/4548170125940\\\/\",\"name\":\"\u30a2\u30ba\u30ef\u30f3 \u30c9\u30a5\u30de\u30fc\u30eb \u30d5\u30ec\u30ad\u30b7\u30d1\u30f3 1340 \u30cf\u30fc\u30c8 20\u53d6 6959400 61-6687-83 1\u70b9 - \uff33\uff33\uff2b\u30ad\u30c3\u30c1\u30f3\u30a6\u30a7\u30a2\u3000\u6599\u7406\u9053\u5177\u30fb\u53a8\u623f\u7528\u54c1\u30fb\u53a8\u623f\u6a5f\u5668\",\"isPartOf\":{\"@id\":\"https:\\\/\\\/sskssk.com\\\/#website\"},\"primaryImageOfPage\":{\"@id\":\"https:\\\/\\\/sskssk.com\\\/product\\\/4548170125940\\\/#primaryimage\"},\"image\":{\"@id\":\"https:\\\/\\\/sskssk.com\\\/product\\\/4548170125940\\\/#primaryimage\"},\"thumbnailUrl\":\"https:\\\/\\\/sskssk.com\\\/wp-content\\\/uploads\\\/2026\\\/05\\\/a28-94437.jpg\",\"datePublished\":\"2026-05-10T00:11:37+00:00\",\"dateModified\":\"2026-05-10T09:51:29+00:00\",\"description\":\"\u30a2\u30ba\u30ef\u30f3\u306e\u30c9\u30a5\u30de\u30fc\u30eb\u30d5\u30ec\u30ad\u30b7\u30d1\u30f31340\u30cf\u30fc\u30c8\u578b\u306f\u300120\u53d6\u30b5\u30a4\u30ba\u3067\u304a\u83d3\u5b50\u4f5c\u308a\u306b\u6700\u9069\u3002\u8010\u4e45\u6027\u3068\u4f7f\u3044\u3084\u3059\u3055\u3092\u517c\u306d\u5099\u3048\u3066\u3044\u307e\u3059\u3002\",\"breadcrumb\":{\"@id\":\"https:\\\/\\\/sskssk.com\\\/product\\\/4548170125940\\\/#breadcrumb\"},\"inLanguage\":\"ja\",\"potentialAction\":[{\"@type\":\"ReadAction\",\"target\":[\"https:\\\/\\\/sskssk.com\\\/product\\\/4548170125940\\\/\"]}]},{\"@type\":\"ImageObject\",\"inLanguage\":\"ja\",\"@id\":\"https:\\\/\\\/sskssk.com\\\/product\\\/4548170125940\\\/#primaryimage\",\"url\":\"https:\\\/\\\/sskssk.com\\\/wp-content\\\/uploads\\\/2026\\\/05\\\/a28-94437.jpg\",\"contentUrl\":\"https:\\\/\\\/sskssk.com\\\/wp-content\\\/uploads\\\/2026\\\/05\\\/a28-94437.jpg\",\"width\":598,\"height\":598},{\"@type\":\"BreadcrumbList\",\"@id\":\"https:\\\/\\\/sskssk.com\\\/product\\\/4548170125940\\\/#breadcrumb\",\"itemListElement\":[{\"@type\":\"ListItem\",\"position\":1,\"name\":\"\u30db\u30fc\u30e0\",\"item\":\"https:\\\/\\\/sskssk.com\\\/\"},{\"@type\":\"ListItem\",\"position\":2,\"name\":\"\u30b7\u30e7\u30c3\u30d7\ud83d\udecd\u53a8\u623f\u7528\u54c1\u30fb\u53a8\u623f\u6a5f\u5668\u30fb\u30ad\u30c3\u30c1\u30f3\u7528\u54c1\u691c\u7d22\",\"item\":\"https:\\\/\\\/sskssk.com\\\/shop\\\/\"},{\"@type\":\"ListItem\",\"position\":3,\"name\":\"\u30a2\u30ba\u30ef\u30f3 \u30c9\u30a5\u30de\u30fc\u30eb \u30d5\u30ec\u30ad\u30b7\u30d1\u30f3 1340 \u30cf\u30fc\u30c8 20\u53d6 6959400 61-6687-83 1\u70b9\"}]},{\"@type\":\"WebSite\",\"@id\":\"https:\\\/\\\/sskssk.com\\\/#website\",\"url\":\"https:\\\/\\\/sskssk.com\\\/\",\"name\":\"\u6211\u304c\u5bb6\u306e\u6b32\u3057\u3044\u7269\",\"description\":\"\u30d7\u30ed\u306e\u6027\u80fd\u3092\u3001\u3082\u3063\u3068\u8eab\u8fd1\u306b\u3001\u76ee\u306e\u524d\u306b\u3002\u3053\u3060\u308f\u308a\u306e\u5473\u3092\u5f15\u304d\u51fa\u3059\u672c\u683c\u30fb\u5353\u4e0a\u53a8\u623f\u6a5f\u5668\",\"publisher\":{\"@id\":\"https:\\\/\\\/sskssk.com\\\/#\\\/schema\\\/person\\\/b17839a9719b414762432ff599bd1553\"},\"potentialAction\":[{\"@type\":\"SearchAction\",\"target\":{\"@type\":\"EntryPoint\",\"urlTemplate\":\"https:\\\/\\\/sskssk.com\\\/?s={search_term_string}\"},\"query-input\":{\"@type\":\"PropertyValueSpecification\",\"valueRequired\":true,\"valueName\":\"search_term_string\"}}],\"inLanguage\":\"ja\"},{\"@type\":[\"Person\",\"Organization\"],\"@id\":\"https:\\\/\\\/sskssk.com\\\/#\\\/schema\\\/person\\\/b17839a9719b414762432ff599bd1553\",\"name\":\"sskssk\",\"image\":{\"@type\":\"ImageObject\",\"inLanguage\":\"ja\",\"@id\":\"https:\\\/\\\/sskssk.com\\\/wp-content\\\/uploads\\\/2026\\\/04\\\/cropped-cropped-cropped-Gemini_Generated_Image_ouhg6gouhg6gouhg-scaled-1.png\",\"url\":\"https:\\\/\\\/sskssk.com\\\/wp-content\\\/uploads\\\/2026\\\/04\\\/cropped-cropped-cropped-Gemini_Generated_Image_ouhg6gouhg6gouhg-scaled-1.png\",\"contentUrl\":\"https:\\\/\\\/sskssk.com\\\/wp-content\\\/uploads\\\/2026\\\/04\\\/cropped-cropped-cropped-Gemini_Generated_Image_ouhg6gouhg6gouhg-scaled-1.png\",\"width\":504,\"height\":188,\"caption\":\"sskssk\"},\"logo\":{\"@id\":\"https:\\\/\\\/sskssk.com\\\/wp-content\\\/uploads\\\/2026\\\/04\\\/cropped-cropped-cropped-Gemini_Generated_Image_ouhg6gouhg6gouhg-scaled-1.png\"},\"description\":\"\u53a8\u623f\u7528\u54c1\u3001\u53a8\u623f\u6a5f\u5668\u3001\u30ad\u30c3\u30c1\u30f3\u7528\u54c1\u3092\u5e45\u5e83\u304f\u53d6\u308a\u6271\u3046\u3002\u5e97\u8217\u958b\u5e97\u306b\u3082\u6570\u591a\u304f\u643a\u308f\u3063\u3066\u3044\u307e\u3059\u306e\u3067\u5546\u54c1\u306b\u95a2\u3059\u308b\u8cea\u554f\u306a\u3069\u3082\u53d7\u3051\u4ed8\u3051\u3066\u3044\u307e\u3059\u3002\",\"sameAs\":[\"https:\\\/\\\/sskssk.com\"]}]}<\/script>\n<!-- \/ Yoast SEO plugin. -->","yoast_head_json":{"title":"\u30a2\u30ba\u30ef\u30f3 \u30c9\u30a5\u30de\u30fc\u30eb \u30d5\u30ec\u30ad\u30b7\u30d1\u30f3 1340 \u30cf\u30fc\u30c8 20\u53d6 6959400 61-6687-83 1\u70b9 - \uff33\uff33\uff2b\u30ad\u30c3\u30c1\u30f3\u30a6\u30a7\u30a2\u3000\u6599\u7406\u9053\u5177\u30fb\u53a8\u623f\u7528\u54c1\u30fb\u53a8\u623f\u6a5f\u5668","description":"\u30a2\u30ba\u30ef\u30f3\u306e\u30c9\u30a5\u30de\u30fc\u30eb\u30d5\u30ec\u30ad\u30b7\u30d1\u30f31340\u30cf\u30fc\u30c8\u578b\u306f\u300120\u53d6\u30b5\u30a4\u30ba\u3067\u304a\u83d3\u5b50\u4f5c\u308a\u306b\u6700\u9069\u3002\u8010\u4e45\u6027\u3068\u4f7f\u3044\u3084\u3059\u3055\u3092\u517c\u306d\u5099\u3048\u3066\u3044\u307e\u3059\u3002","robots":{"index":"index","follow":"follow","max-snippet":"max-snippet:-1","max-image-preview":"max-image-preview:large","max-video-preview":"max-video-preview:-1"},"canonical":"https:\/\/sskssk.com\/product\/4548170125940\/","og_locale":"ja_JP","og_type":"article","og_title":"\u30a2\u30ba\u30ef\u30f3 \u30c9\u30a5\u30de\u30fc\u30eb \u30d5\u30ec\u30ad\u30b7\u30d1\u30f3 1340 \u30cf\u30fc\u30c8 20\u53d6 6959400 61-6687-83 1\u70b9 - \uff33\uff33\uff2b\u30ad\u30c3\u30c1\u30f3\u30a6\u30a7\u30a2\u3000\u6599\u7406\u9053\u5177\u30fb\u53a8\u623f\u7528\u54c1\u30fb\u53a8\u623f\u6a5f\u5668","og_description":"\u30a2\u30ba\u30ef\u30f3\u306e\u30c9\u30a5\u30de\u30fc\u30eb\u30d5\u30ec\u30ad\u30b7\u30d1\u30f31340\u30cf\u30fc\u30c8\u578b\u306f\u300120\u53d6\u30b5\u30a4\u30ba\u3067\u304a\u83d3\u5b50\u4f5c\u308a\u306b\u6700\u9069\u3002\u8010\u4e45\u6027\u3068\u4f7f\u3044\u3084\u3059\u3055\u3092\u517c\u306d\u5099\u3048\u3066\u3044\u307e\u3059\u3002","og_url":"https:\/\/sskssk.com\/product\/4548170125940\/","og_site_name":"\uff33\uff33\uff2b\u30ad\u30c3\u30c1\u30f3\u30a6\u30a7\u30a2\u3000\u6599\u7406\u9053\u5177\u30fb\u53a8\u623f\u7528\u54c1\u30fb\u53a8\u623f\u6a5f\u5668","article_modified_time":"2026-05-10T09:51:29+00:00","og_image":[{"width":598,"height":598,"url":"https:\/\/sskssk.com\/wp-content\/uploads\/2026\/05\/a28-94437.jpg","type":"image\/jpeg"}],"twitter_card":"summary_large_image","schema":{"@context":"https:\/\/schema.org","@graph":[{"@type":"WebPage","@id":"https:\/\/sskssk.com\/product\/4548170125940\/","url":"https:\/\/sskssk.com\/product\/4548170125940\/","name":"\u30a2\u30ba\u30ef\u30f3 \u30c9\u30a5\u30de\u30fc\u30eb \u30d5\u30ec\u30ad\u30b7\u30d1\u30f3 1340 \u30cf\u30fc\u30c8 20\u53d6 6959400 61-6687-83 1\u70b9 - \uff33\uff33\uff2b\u30ad\u30c3\u30c1\u30f3\u30a6\u30a7\u30a2\u3000\u6599\u7406\u9053\u5177\u30fb\u53a8\u623f\u7528\u54c1\u30fb\u53a8\u623f\u6a5f\u5668","isPartOf":{"@id":"https:\/\/sskssk.com\/#website"},"primaryImageOfPage":{"@id":"https:\/\/sskssk.com\/product\/4548170125940\/#primaryimage"},"image":{"@id":"https:\/\/sskssk.com\/product\/4548170125940\/#primaryimage"},"thumbnailUrl":"https:\/\/sskssk.com\/wp-content\/uploads\/2026\/05\/a28-94437.jpg","datePublished":"2026-05-10T00:11:37+00:00","dateModified":"2026-05-10T09:51:29+00:00","description":"\u30a2\u30ba\u30ef\u30f3\u306e\u30c9\u30a5\u30de\u30fc\u30eb\u30d5\u30ec\u30ad\u30b7\u30d1\u30f31340\u30cf\u30fc\u30c8\u578b\u306f\u300120\u53d6\u30b5\u30a4\u30ba\u3067\u304a\u83d3\u5b50\u4f5c\u308a\u306b\u6700\u9069\u3002\u8010\u4e45\u6027\u3068\u4f7f\u3044\u3084\u3059\u3055\u3092\u517c\u306d\u5099\u3048\u3066\u3044\u307e\u3059\u3002","breadcrumb":{"@id":"https:\/\/sskssk.com\/product\/4548170125940\/#breadcrumb"},"inLanguage":"ja","potentialAction":[{"@type":"ReadAction","target":["https:\/\/sskssk.com\/product\/4548170125940\/"]}]},{"@type":"ImageObject","inLanguage":"ja","@id":"https:\/\/sskssk.com\/product\/4548170125940\/#primaryimage","url":"https:\/\/sskssk.com\/wp-content\/uploads\/2026\/05\/a28-94437.jpg","contentUrl":"https:\/\/sskssk.com\/wp-content\/uploads\/2026\/05\/a28-94437.jpg","width":598,"height":598},{"@type":"BreadcrumbList","@id":"https:\/\/sskssk.com\/product\/4548170125940\/#breadcrumb","itemListElement":[{"@type":"ListItem","position":1,"name":"\u30db\u30fc\u30e0","item":"https:\/\/sskssk.com\/"},{"@type":"ListItem","position":2,"name":"\u30b7\u30e7\u30c3\u30d7\ud83d\udecd\u53a8\u623f\u7528\u54c1\u30fb\u53a8\u623f\u6a5f\u5668\u30fb\u30ad\u30c3\u30c1\u30f3\u7528\u54c1\u691c\u7d22","item":"https:\/\/sskssk.com\/shop\/"},{"@type":"ListItem","position":3,"name":"\u30a2\u30ba\u30ef\u30f3 \u30c9\u30a5\u30de\u30fc\u30eb \u30d5\u30ec\u30ad\u30b7\u30d1\u30f3 1340 \u30cf\u30fc\u30c8 20\u53d6 6959400 61-6687-83 1\u70b9"}]},{"@type":"WebSite","@id":"https:\/\/sskssk.com\/#website","url":"https:\/\/sskssk.com\/","name":"\u6211\u304c\u5bb6\u306e\u6b32\u3057\u3044\u7269","description":"\u30d7\u30ed\u306e\u6027\u80fd\u3092\u3001\u3082\u3063\u3068\u8eab\u8fd1\u306b\u3001\u76ee\u306e\u524d\u306b\u3002\u3053\u3060\u308f\u308a\u306e\u5473\u3092\u5f15\u304d\u51fa\u3059\u672c\u683c\u30fb\u5353\u4e0a\u53a8\u623f\u6a5f\u5668","publisher":{"@id":"https:\/\/sskssk.com\/#\/schema\/person\/b17839a9719b414762432ff599bd1553"},"potentialAction":[{"@type":"SearchAction","target":{"@type":"EntryPoint","urlTemplate":"https:\/\/sskssk.com\/?s={search_term_string}"},"query-input":{"@type":"PropertyValueSpecification","valueRequired":true,"valueName":"search_term_string"}}],"inLanguage":"ja"},{"@type":["Person","Organization"],"@id":"https:\/\/sskssk.com\/#\/schema\/person\/b17839a9719b414762432ff599bd1553","name":"sskssk","image":{"@type":"ImageObject","inLanguage":"ja","@id":"https:\/\/sskssk.com\/wp-content\/uploads\/2026\/04\/cropped-cropped-cropped-Gemini_Generated_Image_ouhg6gouhg6gouhg-scaled-1.png","url":"https:\/\/sskssk.com\/wp-content\/uploads\/2026\/04\/cropped-cropped-cropped-Gemini_Generated_Image_ouhg6gouhg6gouhg-scaled-1.png","contentUrl":"https:\/\/sskssk.com\/wp-content\/uploads\/2026\/04\/cropped-cropped-cropped-Gemini_Generated_Image_ouhg6gouhg6gouhg-scaled-1.png","width":504,"height":188,"caption":"sskssk"},"logo":{"@id":"https:\/\/sskssk.com\/wp-content\/uploads\/2026\/04\/cropped-cropped-cropped-Gemini_Generated_Image_ouhg6gouhg6gouhg-scaled-1.png"},"description":"\u53a8\u623f\u7528\u54c1\u3001\u53a8\u623f\u6a5f\u5668\u3001\u30ad\u30c3\u30c1\u30f3\u7528\u54c1\u3092\u5e45\u5e83\u304f\u53d6\u308a\u6271\u3046\u3002\u5e97\u8217\u958b\u5e97\u306b\u3082\u6570\u591a\u304f\u643a\u308f\u3063\u3066\u3044\u307e\u3059\u306e\u3067\u5546\u54c1\u306b\u95a2\u3059\u308b\u8cea\u554f\u306a\u3069\u3082\u53d7\u3051\u4ed8\u3051\u3066\u3044\u307e\u3059\u3002","sameAs":["https:\/\/sskssk.com"]}]}},"jetpack_sharing_enabled":true,"_links":{"self":[{"href":"https:\/\/sskssk.com\/wp-json\/wp\/v2\/product\/26358","targetHints":{"allow":["GET"]}}],"collection":[{"href":"https:\/\/sskssk.com\/wp-json\/wp\/v2\/product"}],"about":[{"href":"https:\/\/sskssk.com\/wp-json\/wp\/v2\/types\/product"}],"replies":[{"embeddable":true,"href":"https:\/\/sskssk.com\/wp-json\/wp\/v2\/comments?post=26358"}],"wp:featuredmedia":[{"embeddable":true,"href":"https:\/\/sskssk.com\/wp-json\/wp\/v2\/media\/26357"}],"wp:attachment":[{"href":"https:\/\/sskssk.com\/wp-json\/wp\/v2\/media?parent=26358"}],"wp:term":[{"taxonomy":"product_brand","embeddable":true,"href":"https:\/\/sskssk.com\/wp-json\/wp\/v2\/product_brand?post=26358"},{"taxonomy":"product_cat","embeddable":true,"href":"https:\/\/sskssk.com\/wp-json\/wp\/v2\/product_cat?post=26358"},{"taxonomy":"product_tag","embeddable":true,"href":"https:\/\/sskssk.com\/wp-json\/wp\/v2\/product_tag?post=26358"}],"curies":[{"name":"wp","href":"https:\/\/api.w.org\/{rel}","templated":true}]}}